{"id":5636,"date":"2019-02-18T13:03:06","date_gmt":"2019-02-18T13:03:06","guid":{"rendered":"https:\/\/fullemotiontravel.com\/service-plus\/"},"modified":"2024-07-10T02:35:23","modified_gmt":"2024-07-10T07:35:23","slug":"packages","status":"publish","type":"page","link":"https:\/\/fullemotiontravel.com\/es\/paquetes\/","title":{"rendered":"Paquetes"},"content":{"rendered":"<div data-elementor-type=\"wp-post\" data-elementor-id=\"5636\" class=\"elementor elementor-5636\" data-elementor-post-type=\"page\">\n\t\t\t\t\t\t<section class=\"elementor-section elementor-top-section elementor-element elementor-element-2ac087f8 elementor-section-boxed elementor-section-height-default elementor-section-height-default sc_fly_static\" data-id=\"2ac087f8\" data-element_type=\"section\">\n\t\t\t\t\t\t<div class=\"elementor-container elementor-column-gap-extended\">\n\t\t\t\t\t<div class=\"elementor-column elementor-col-100 elementor-top-column elementor-element elementor-element-5f24cdb4 sc_inner_width_none sc_content_align_inherit sc_layouts_column_icons_position_left sc_fly_static\" data-id=\"5f24cdb4\" data-element_type=\"column\">\n\t\t\t<div class=\"elementor-widget-wrap elementor-element-populated\">\n\t\t\t\t\t\t<div class=\"elementor-element elementor-element-a66ec0b animated-slow animation_type_block sc_fly_static elementor-invisible elementor-widget elementor-widget-trx_sc_title\" data-id=\"a66ec0b\" data-element_type=\"widget\" data-settings=\"{&quot;_animation&quot;:&quot;fadeIn&quot;}\" data-widget_type=\"trx_sc_title.default\">\n\t\t\t\t<div class=\"elementor-widget-container\">\n\t\t\t<div\t\tclass=\"sc_title sc_title_default\"><h2 class=\"sc_item_title sc_title_title sc_align_center sc_item_title_style_default sc_item_title_tag trx_addons_inline_2017951459\"><span class=\"sc_item_title_text\">Paquetes m\u00e9dicos<\/span><\/h2><\/div>\t\t<\/div>\n\t\t\t\t<\/div>\n\t\t\t\t<div class=\"elementor-element elementor-element-d161340 sc_fly_static elementor-widget elementor-widget-spacer\" data-id=\"d161340\" data-element_type=\"widget\" data-widget_type=\"spacer.default\">\n\t\t\t\t<div class=\"elementor-widget-container\">\n\t\t\t\t\t<div class=\"elementor-spacer\">\n\t\t\t<div class=\"elementor-spacer-inner\"><\/div>\n\t\t<\/div>\n\t\t\t\t<\/div>\n\t\t\t\t<\/div>\n\t\t\t\t\t<\/div>\n\t\t<\/div>\n\t\t\t\t\t<\/div>\n\t\t<\/section>\n\t\t\t\t<section class=\"elementor-section elementor-top-section elementor-element elementor-element-11279735 elementor-section-boxed elementor-section-height-default elementor-section-height-default sc_fly_static\" data-id=\"11279735\" data-element_type=\"section\">\n\t\t\t\t\t\t<div class=\"elementor-container elementor-column-gap-no\">\n\t\t\t\t\t<div class=\"elementor-column elementor-col-100 elementor-top-column elementor-element elementor-element-50e3f7ef sc-mobile_inner_width_none sc-mobile_content_align_inherit sc_inner_width_none sc_content_align_inherit sc_layouts_column_icons_position_left sc_fly_static\" data-id=\"50e3f7ef\" data-element_type=\"column\">\n\t\t\t<div class=\"elementor-widget-wrap elementor-element-populated\">\n\t\t\t\t\t\t<div class=\"elementor-element elementor-element-33b358c animated-slow animation_type_block sc_fly_static elementor-invisible elementor-widget elementor-widget-trx_sc_price\" data-id=\"33b358c\" data-element_type=\"widget\" data-settings=\"{&quot;_animation&quot;:&quot;fadeIn&quot;}\" data-widget_type=\"trx_sc_price.default\">\n\t\t\t\t<div class=\"elementor-widget-container\">\n\t\t\t<div  \n\tclass=\"sc_price sc_price_default\"><div class=\"sc_price_columns_wrap sc_item_columns trx_addons_columns_wrap columns_padding_bottom columns_in_single_row\"><div class=\"trx_addons_column-1_3\"><div class=\"sc_price_item sc_price_item_default\">\n\t\t\t<div class=\"sc_price_item_info\"><h3 class=\"sc_price_item_title\"><span>Dise\u00f1o de sonrisa en resina cer\u00e1mica<\/span><\/h3><div class=\"sc_price_item_price\"><span class=\"sc_price_item_price_before\">US$<\/span><span class=\"sc_price_item_price_value\">1900<\/span><\/div><div class=\"sc_price_item_details\"><ul class=\"trx_addons_list_success\"><li>16 Carillas de resina cer\u00e1mica<\/li><li>Transporte al aeropuerto<\/li><li>Tarjeta de asistencia m\u00e9dica<\/li><li>Limpieza dental<\/li><li>Hotel 3 D\u00edas - 2 Noches<\/li><li>City Tour por Cali<\/li><li>Arreglo de pelo y u\u00f1as<\/li><li>Gastronom\u00eda 1 Almuerzo<\/li><li>Aperitivos 2, Cena Valluna 1<\/li><\/ul><\/div><a href=\"https:\/\/fullemotiontravel.com\/es\/shop\/?add-to-cart=267\" class=\"sc_price_item_link sc_button\" target=\"_blank\">Aprovecha esta oferta<\/a><\/div><\/div><\/div><div class=\"trx_addons_column-1_3\"><div class=\"sc_price_item sc_price_item_default\">\n\t\t\t<div class=\"sc_price_item_info\"><h3 class=\"sc_price_item_title\"><span>Dise\u00f1o de sonrisa en porcelana E Max<\/span><\/h3><div class=\"sc_price_item_price\"><span class=\"sc_price_item_price_before\">US$<\/span><span class=\"sc_price_item_price_value\">5300<\/span><\/div><div class=\"sc_price_item_details\"><ul class=\"trx_addons_list_success\"><li>20 Carillas de porcelana E Max<\/li><li>Transporte al aeropuerto<\/li><li>Tarjeta de asistencia m\u00e9dica<\/li><li>Limpieza dental<\/li><li>Hotel 5 D\u00edas - 4 Noches<\/li><li>City Tour por Cali<\/li><li>Gastronom\u00eda 1 Almuerzo<\/li><li>Aperitivos 2, Cena Valluna 1<\/li><li>Tour de frutas tropicales<\/li><li>Tour Salsa<\/li><li>Clase de salsa<\/li><li>Masaje relajante<\/li><li>Groming Pelo<\/li><li>U\u00f1as de manos y pies<\/li><\/ul><\/div><a href=\"https:\/\/fullemotiontravel.com\/es\/shop\/?add-to-cart=6645\" class=\"sc_price_item_link sc_button\" target=\"_blank\">Aprovecha esta oferta<\/a><\/div><\/div><\/div><div class=\"trx_addons_column-1_3\"><div class=\"sc_price_item sc_price_item_default\">\n\t\t\t<div class=\"sc_price_item_info\"><h3 class=\"sc_price_item_title\"><span>Cirug\u00eda Lasik PRK<\/span><\/h3><div class=\"sc_price_item_price\"><span class=\"sc_price_item_price_before\">US$<\/span><span class=\"sc_price_item_price_value\">3570<\/span><\/div><div class=\"sc_price_item_details\"><ul class=\"trx_addons_list_success\"><li>Transporte al aeropuerto<\/li><li>Tarjeta de asistencia m\u00e9dica<\/li><li>Limpieza dental<\/li><li>Hotel 6 D\u00edas - 5 Noches<\/li><li>City Tour por Cali<\/li><li>Gastronom\u00eda 1 Almuerzo<\/li><li>Aperitivos 2, Cena Valluna 1<\/li><li>Tour de frutas tropicales<\/li><li>Tour Salsa<\/li><li>Clase de salsa<\/li><li>Masaje relajante<\/li><li>Arreglo de pelo y u\u00f1as<\/li><\/ul><\/div><a href=\"https:\/\/fullemotiontravel.com\/es\/shop\/?add-to-cart=8291\" class=\"sc_price_item_link sc_button\" target=\"_blank\">Aprovecha esta oferta<\/a><\/div><\/div><\/div><\/div><\/div>\t\t<\/div>\n\t\t\t\t<\/div>\n\t\t\t\t\t<\/div>\n\t\t<\/div>\n\t\t\t\t\t<\/div>\n\t\t<\/section>\n\t\t\t\t<section class=\"elementor-section elementor-top-section elementor-element elementor-element-4c642fc elementor-section-boxed elementor-section-height-default elementor-section-height-default sc_fly_static\" data-id=\"4c642fc\" data-element_type=\"section\">\n\t\t\t\t\t\t<div class=\"elementor-container elementor-column-gap-extended\">\n\t\t\t\t\t<div class=\"elementor-column elementor-col-100 elementor-top-column elementor-element elementor-element-388990e sc_inner_width_none sc_content_align_inherit sc_layouts_column_icons_position_left sc_fly_static\" data-id=\"388990e\" data-element_type=\"column\">\n\t\t\t<div class=\"elementor-widget-wrap elementor-element-populated\">\n\t\t\t\t\t\t<div class=\"elementor-element elementor-element-8953775 sc_fly_static elementor-widget elementor-widget-spacer\" data-id=\"8953775\" data-element_type=\"widget\" data-widget_type=\"spacer.default\">\n\t\t\t\t<div class=\"elementor-widget-container\">\n\t\t\t\t\t<div class=\"elementor-spacer\">\n\t\t\t<div class=\"elementor-spacer-inner\"><\/div>\n\t\t<\/div>\n\t\t\t\t<\/div>\n\t\t\t\t<\/div>\n\t\t\t\t\t<\/div>\n\t\t<\/div>\n\t\t\t\t\t<\/div>\n\t\t<\/section>\n\t\t\t\t<section class=\"elementor-section elementor-top-section elementor-element elementor-element-375b6634 elementor-section-boxed elementor-section-height-default elementor-section-height-default sc_fly_static\" data-id=\"375b6634\" data-element_type=\"section\">\n\t\t\t\t\t\t<div class=\"elementor-container elementor-column-gap-extended\">\n\t\t\t\t\t<div class=\"elementor-column elementor-col-50 elementor-top-column elementor-element elementor-element-dc5d800 sc_inner_width_none sc_content_align_inherit sc_layouts_column_icons_position_left sc_fly_static\" data-id=\"dc5d800\" data-element_type=\"column\">\n\t\t\t<div class=\"elementor-widget-wrap\">\n\t\t\t\t\t\t\t<\/div>\n\t\t<\/div>\n\t\t\t\t<div class=\"elementor-column elementor-col-50 elementor-top-column elementor-element elementor-element-aa934a1 sc_inner_width_none sc_content_align_inherit sc_layouts_column_icons_position_left sc_fly_static\" data-id=\"aa934a1\" data-element_type=\"column\">\n\t\t\t<div class=\"elementor-widget-wrap elementor-element-populated\">\n\t\t\t\t\t\t<div class=\"elementor-element elementor-element-ff22d7d sc_fly_static elementor-widget elementor-widget-spacer\" data-id=\"ff22d7d\" data-element_type=\"widget\" data-widget_type=\"spacer.default\">\n\t\t\t\t<div class=\"elementor-widget-container\">\n\t\t\t\t\t<div class=\"elementor-spacer\">\n\t\t\t<div class=\"elementor-spacer-inner\"><\/div>\n\t\t<\/div>\n\t\t\t\t<\/div>\n\t\t\t\t<\/div>\n\t\t\t\t<div class=\"elementor-element elementor-element-2d47504 animated-slow animation_type_block sc_fly_static elementor-invisible elementor-widget elementor-widget-trx_sc_title\" data-id=\"2d47504\" data-element_type=\"widget\" data-settings=\"{&quot;_animation&quot;:&quot;fadeIn&quot;}\" data-widget_type=\"trx_sc_title.default\">\n\t\t\t\t<div class=\"elementor-widget-container\">\n\t\t\t<div\t\tclass=\"sc_title sc_title_default\"><h3 class=\"sc_item_title sc_title_title sc_item_title_style_default sc_item_title_tag trx_addons_inline_1108834250\"><span class=\"sc_item_title_text\">Cada paquete incluye<\/span><\/h3><\/div>\t\t<\/div>\n\t\t\t\t<\/div>\n\t\t\t\t<div class=\"elementor-element elementor-element-5f6988b sc_fly_static elementor-widget elementor-widget-spacer\" data-id=\"5f6988b\" data-element_type=\"widget\" data-widget_type=\"spacer.default\">\n\t\t\t\t<div class=\"elementor-widget-container\">\n\t\t\t\t\t<div class=\"elementor-spacer\">\n\t\t\t<div class=\"elementor-spacer-inner\"><\/div>\n\t\t<\/div>\n\t\t\t\t<\/div>\n\t\t\t\t<\/div>\n\t\t\t\t<div class=\"elementor-element elementor-element-f16175f sc_fly_static elementor-widget elementor-widget-text-editor\" data-id=\"f16175f\" data-element_type=\"widget\" data-widget_type=\"text-editor.default\">\n\t\t\t\t<div class=\"elementor-widget-container\">\n\t\t\t\t\t\t\t<ul><li>Recogida en el aeropuerto el d\u00eda de llegada y de salida<\/li><li>Tarjeta de asistencia\u00a0\u00a0<\/li><li>Visita a la ciudad de Cali<\/li><li>Degustaci\u00f3n de gastronom\u00eda cale\u00f1a\u00a0<\/li><li>Limpieza dental<\/li><li>Si es mujer, cepillado del pelo y aseo de manos y pies<\/li><li>Si es hombre, corte de pelo y aseo de manos y pies<\/li><li>Alojamiento seg\u00fan procedimiento en un hotel de una zona tur\u00edstica<\/li><\/ul>\t\t\t\t\t\t<\/div>\n\t\t\t\t<\/div>\n\t\t\t\t<div class=\"elementor-element elementor-element-85f0883 sc_fly_static elementor-widget elementor-widget-spacer\" data-id=\"85f0883\" data-element_type=\"widget\" data-widget_type=\"spacer.default\">\n\t\t\t\t<div class=\"elementor-widget-container\">\n\t\t\t\t\t<div class=\"elementor-spacer\">\n\t\t\t<div class=\"elementor-spacer-inner\"><\/div>\n\t\t<\/div>\n\t\t\t\t<\/div>\n\t\t\t\t<\/div>\n\t\t\t\t\t<\/div>\n\t\t<\/div>\n\t\t\t\t\t<\/div>\n\t\t<\/section>\n\t\t\t\t<\/div>","protected":false},"excerpt":{"rendered":"<p>Paquetes de Viaje M\u00e9dico Dise\u00f1o de Sonrisa en Resina Cer\u00e1mica US$1900 16 Carillas de Resina Cer\u00e1mica Transporte desde el Aeropuerto Tarjeta de Asistencia M\u00e9dica Limpieza Dental Hotel 3 D\u00edas - 2 Noches City Tour por Cali Arreglo de Cabello y U\u00f1as Gastronom\u00eda 1 Almuerzo Merienda 2, Valluna...<\/p>","protected":false},"author":1,"featured_media":0,"parent":0,"menu_order":0,"comment_status":"closed","ping_status":"closed","template":"","meta":{"rank_math_lock_modified_date":false,"footnotes":""},"class_list":["post-5636","page","type-page","status-publish","hentry"],"_links":{"self":[{"href":"https:\/\/fullemotiontravel.com\/es\/wp-json\/wp\/v2\/pages\/5636"}],"collection":[{"href":"https:\/\/fullemotiontravel.com\/es\/wp-json\/wp\/v2\/pages"}],"about":[{"href":"https:\/\/fullemotiontravel.com\/es\/wp-json\/wp\/v2\/types\/page"}],"author":[{"embeddable":true,"href":"https:\/\/fullemotiontravel.com\/es\/wp-json\/wp\/v2\/users\/1"}],"replies":[{"embeddable":true,"href":"https:\/\/fullemotiontravel.com\/es\/wp-json\/wp\/v2\/comments?post=5636"}],"version-history":[{"count":2,"href":"https:\/\/fullemotiontravel.com\/es\/wp-json\/wp\/v2\/pages\/5636\/revisions"}],"predecessor-version":[{"id":9269,"href":"https:\/\/fullemotiontravel.com\/es\/wp-json\/wp\/v2\/pages\/5636\/revisions\/9269"}],"wp:attachment":[{"href":"https:\/\/fullemotiontravel.com\/es\/wp-json\/wp\/v2\/media?parent=5636"}],"curies":[{"name":"wp","href":"https:\/\/api.w.org\/{rel}","templated":true}]}}